{"id":1837,"date":"2021-11-18T23:24:15","date_gmt":"2021-11-18T22:24:15","guid":{"rendered":"https:\/\/lesvillasdugolfe.com\/qui-sommes-nous\/"},"modified":"2022-10-10T13:18:57","modified_gmt":"2022-10-10T11:18:57","slug":"who-are-we","status":"publish","type":"page","link":"https:\/\/lesvillasdugolfe.com\/en\/who-are-we\/","title":{"rendered":"Who are we?"},"content":{"rendered":"<div id=\"cs-content\" class=\"cs-content\"><\/div>\n","protected":false},"excerpt":{"rendered":"<p>Who are we? About our agencyWho are we?Our real estate agenciesThe teamThe groupThe Real Estate Agency of the Gulf In 1994, Jean-No\u00ebl Marcellesi, founded the &#8220;Agence Immobili\u00e8re du Golfe&#8221; in Porto Vecchio. With nearly 30 years of experience, the Agence Immobili\u00e8re du Golfe has been exclusively dedicated to the rental and sale of prestigious properties, a sector in which it &#8230;<\/p>\n","protected":false},"author":1,"featured_media":875,"parent":0,"menu_order":0,"comment_status":"closed","ping_status":"closed","template":"template-blank-4.php","meta":{"_acf_changed":false,"inline_featured_image":false,"footnotes":""},"class_list":["post-1837","page","type-page","status-publish","has-post-thumbnail","hentry"],"acf":[],"yoast_head":"<!-- This site is optimized with the Yoast SEO Premium plugin v25.4 (Yoast SEO v25.4) - https:\/\/yoast.com\/wordpress\/plugins\/seo\/ -->\n<title>Who are we? - Les villas du Golfe<\/title>\n<meta name=\"description\" content=\"With nearly 30 years of experience, the Agence Immobili\u00e8re du Golfe has been exclusively dedicated to the rental and sale of prestigious properties.\" \/>\n<meta name=\"robots\" content=\"index, follow, max-snippet:-1, max-image-preview:large, max-video-preview:-1\" \/>\n<link rel=\"canonical\" href=\"https:\/\/lesvillasdugolfe.com\/en\/who-are-we\/\" \/>\n<meta property=\"og:locale\" content=\"en_US\" \/>\n<meta property=\"og:type\" content=\"article\" \/>\n<meta property=\"og:title\" content=\"Who are we? - Les villas du Golfe\" \/>\n<meta property=\"og:description\" content=\"With nearly 30 years of experience, the Agence Immobili\u00e8re du Golfe has been exclusively dedicated to the rental and sale of prestigious properties.\" \/>\n<meta property=\"og:url\" content=\"https:\/\/lesvillasdugolfe.com\/en\/who-are-we\/\" \/>\n<meta property=\"og:site_name\" content=\"Les villas du Golfe\" \/>\n<meta property=\"article:modified_time\" content=\"2022-10-10T11:18:57+00:00\" \/>\n<meta property=\"og:image\" content=\"https:\/\/lesvillasdugolfe.com\/wp-content\/uploads\/2021\/10\/Agence-immobiliere-du-golfe_0.jpg\" \/>\n\t<meta property=\"og:image:width\" content=\"1920\" \/>\n\t<meta property=\"og:image:height\" content=\"1056\" \/>\n\t<meta property=\"og:image:type\" content=\"image\/jpeg\" \/>\n<meta name=\"twitter:card\" content=\"summary_large_image\" \/>\n<meta name=\"twitter:label1\" content=\"Est. reading time\" \/>\n\t<meta name=\"twitter:data1\" content=\"1 minute\" \/>\n<script type=\"application\/ld+json\" class=\"yoast-schema-graph\">{\"@context\":\"https:\/\/schema.org\",\"@graph\":[{\"@type\":\"WebPage\",\"@id\":\"https:\/\/lesvillasdugolfe.com\/en\/who-are-we\/\",\"url\":\"https:\/\/lesvillasdugolfe.com\/en\/who-are-we\/\",\"name\":\"Who are we? - Les villas du Golfe\",\"isPartOf\":{\"@id\":\"https:\/\/lesvillasdugolfe.com\/en\/#website\"},\"primaryImageOfPage\":{\"@id\":\"https:\/\/lesvillasdugolfe.com\/en\/who-are-we\/#primaryimage\"},\"image\":{\"@id\":\"https:\/\/lesvillasdugolfe.com\/en\/who-are-we\/#primaryimage\"},\"thumbnailUrl\":\"https:\/\/lesvillasdugolfe.com\/wp-content\/uploads\/2021\/10\/Agence-immobiliere-du-golfe_0.jpg\",\"datePublished\":\"2021-11-18T22:24:15+00:00\",\"dateModified\":\"2022-10-10T11:18:57+00:00\",\"description\":\"With nearly 30 years of experience, the Agence Immobili\u00e8re du Golfe has been exclusively dedicated to the rental and sale of prestigious properties.\",\"inLanguage\":\"en-US\",\"potentialAction\":[{\"@type\":\"ReadAction\",\"target\":[\"https:\/\/lesvillasdugolfe.com\/en\/who-are-we\/\"]}]},{\"@type\":\"ImageObject\",\"inLanguage\":\"en-US\",\"@id\":\"https:\/\/lesvillasdugolfe.com\/en\/who-are-we\/#primaryimage\",\"url\":\"https:\/\/lesvillasdugolfe.com\/wp-content\/uploads\/2021\/10\/Agence-immobiliere-du-golfe_0.jpg\",\"contentUrl\":\"https:\/\/lesvillasdugolfe.com\/wp-content\/uploads\/2021\/10\/Agence-immobiliere-du-golfe_0.jpg\",\"width\":1920,\"height\":1056,\"caption\":\"Les villas du golfe\"},{\"@type\":\"WebSite\",\"@id\":\"https:\/\/lesvillasdugolfe.com\/en\/#website\",\"url\":\"https:\/\/lesvillasdugolfe.com\/en\/\",\"name\":\"Les villas du Golfe\",\"description\":\"Location de villas de luxe en Corse\",\"publisher\":{\"@id\":\"https:\/\/lesvillasdugolfe.com\/en\/#organization\"},\"potentialAction\":[{\"@type\":\"SearchAction\",\"target\":{\"@type\":\"EntryPoint\",\"urlTemplate\":\"https:\/\/lesvillasdugolfe.com\/en\/?s={search_term_string}\"},\"query-input\":{\"@type\":\"PropertyValueSpecification\",\"valueRequired\":true,\"valueName\":\"search_term_string\"}}],\"inLanguage\":\"en-US\"},{\"@type\":\"Organization\",\"@id\":\"https:\/\/lesvillasdugolfe.com\/en\/#organization\",\"name\":\"Les villas du Golfe\",\"url\":\"https:\/\/lesvillasdugolfe.com\/en\/\",\"logo\":{\"@type\":\"ImageObject\",\"inLanguage\":\"en-US\",\"@id\":\"https:\/\/lesvillasdugolfe.com\/en\/#\/schema\/logo\/image\/\",\"url\":\"https:\/\/lesvillasdugolfe.com\/wp-content\/uploads\/2022\/03\/villasgolfe.svg\",\"contentUrl\":\"https:\/\/lesvillasdugolfe.com\/wp-content\/uploads\/2022\/03\/villasgolfe.svg\",\"width\":341,\"height\":161,\"caption\":\"Les villas du Golfe\"},\"image\":{\"@id\":\"https:\/\/lesvillasdugolfe.com\/en\/#\/schema\/logo\/image\/\"}}]}<\/script>\n<!-- \/ Yoast SEO Premium plugin. -->","yoast_head_json":{"title":"Who are we? - Les villas du Golfe","description":"With nearly 30 years of experience, the Agence Immobili\u00e8re du Golfe has been exclusively dedicated to the rental and sale of prestigious properties.","robots":{"index":"index","follow":"follow","max-snippet":"max-snippet:-1","max-image-preview":"max-image-preview:large","max-video-preview":"max-video-preview:-1"},"canonical":"https:\/\/lesvillasdugolfe.com\/en\/who-are-we\/","og_locale":"en_US","og_type":"article","og_title":"Who are we? - Les villas du Golfe","og_description":"With nearly 30 years of experience, the Agence Immobili\u00e8re du Golfe has been exclusively dedicated to the rental and sale of prestigious properties.","og_url":"https:\/\/lesvillasdugolfe.com\/en\/who-are-we\/","og_site_name":"Les villas du Golfe","article_modified_time":"2022-10-10T11:18:57+00:00","og_image":[{"width":1920,"height":1056,"url":"https:\/\/lesvillasdugolfe.com\/wp-content\/uploads\/2021\/10\/Agence-immobiliere-du-golfe_0.jpg","type":"image\/jpeg"}],"twitter_card":"summary_large_image","twitter_misc":{"Est. reading time":"1 minute"},"schema":{"@context":"https:\/\/schema.org","@graph":[{"@type":"WebPage","@id":"https:\/\/lesvillasdugolfe.com\/en\/who-are-we\/","url":"https:\/\/lesvillasdugolfe.com\/en\/who-are-we\/","name":"Who are we? - Les villas du Golfe","isPartOf":{"@id":"https:\/\/lesvillasdugolfe.com\/en\/#website"},"primaryImageOfPage":{"@id":"https:\/\/lesvillasdugolfe.com\/en\/who-are-we\/#primaryimage"},"image":{"@id":"https:\/\/lesvillasdugolfe.com\/en\/who-are-we\/#primaryimage"},"thumbnailUrl":"https:\/\/lesvillasdugolfe.com\/wp-content\/uploads\/2021\/10\/Agence-immobiliere-du-golfe_0.jpg","datePublished":"2021-11-18T22:24:15+00:00","dateModified":"2022-10-10T11:18:57+00:00","description":"With nearly 30 years of experience, the Agence Immobili\u00e8re du Golfe has been exclusively dedicated to the rental and sale of prestigious properties.","inLanguage":"en-US","potentialAction":[{"@type":"ReadAction","target":["https:\/\/lesvillasdugolfe.com\/en\/who-are-we\/"]}]},{"@type":"ImageObject","inLanguage":"en-US","@id":"https:\/\/lesvillasdugolfe.com\/en\/who-are-we\/#primaryimage","url":"https:\/\/lesvillasdugolfe.com\/wp-content\/uploads\/2021\/10\/Agence-immobiliere-du-golfe_0.jpg","contentUrl":"https:\/\/lesvillasdugolfe.com\/wp-content\/uploads\/2021\/10\/Agence-immobiliere-du-golfe_0.jpg","width":1920,"height":1056,"caption":"Les villas du golfe"},{"@type":"WebSite","@id":"https:\/\/lesvillasdugolfe.com\/en\/#website","url":"https:\/\/lesvillasdugolfe.com\/en\/","name":"Les villas du Golfe","description":"Location de villas de luxe en Corse","publisher":{"@id":"https:\/\/lesvillasdugolfe.com\/en\/#organization"},"potentialAction":[{"@type":"SearchAction","target":{"@type":"EntryPoint","urlTemplate":"https:\/\/lesvillasdugolfe.com\/en\/?s={search_term_string}"},"query-input":{"@type":"PropertyValueSpecification","valueRequired":true,"valueName":"search_term_string"}}],"inLanguage":"en-US"},{"@type":"Organization","@id":"https:\/\/lesvillasdugolfe.com\/en\/#organization","name":"Les villas du Golfe","url":"https:\/\/lesvillasdugolfe.com\/en\/","logo":{"@type":"ImageObject","inLanguage":"en-US","@id":"https:\/\/lesvillasdugolfe.com\/en\/#\/schema\/logo\/image\/","url":"https:\/\/lesvillasdugolfe.com\/wp-content\/uploads\/2022\/03\/villasgolfe.svg","contentUrl":"https:\/\/lesvillasdugolfe.com\/wp-content\/uploads\/2022\/03\/villasgolfe.svg","width":341,"height":161,"caption":"Les villas du Golfe"},"image":{"@id":"https:\/\/lesvillasdugolfe.com\/en\/#\/schema\/logo\/image\/"}}]}},"_links":{"self":[{"href":"https:\/\/lesvillasdugolfe.com\/en\/wp-json\/wp\/v2\/pages\/1837","targetHints":{"allow":["GET"]}}],"collection":[{"href":"https:\/\/lesvillasdugolfe.com\/en\/wp-json\/wp\/v2\/pages"}],"about":[{"href":"https:\/\/lesvillasdugolfe.com\/en\/wp-json\/wp\/v2\/types\/page"}],"author":[{"embeddable":true,"href":"https:\/\/lesvillasdugolfe.com\/en\/wp-json\/wp\/v2\/users\/1"}],"replies":[{"embeddable":true,"href":"https:\/\/lesvillasdugolfe.com\/en\/wp-json\/wp\/v2\/comments?post=1837"}],"version-history":[{"count":0,"href":"https:\/\/lesvillasdugolfe.com\/en\/wp-json\/wp\/v2\/pages\/1837\/revisions"}],"wp:featuredmedia":[{"embeddable":true,"href":"https:\/\/lesvillasdugolfe.com\/en\/wp-json\/wp\/v2\/media\/875"}],"wp:attachment":[{"href":"https:\/\/lesvillasdugolfe.com\/en\/wp-json\/wp\/v2\/media?parent=1837"}],"curies":[{"name":"wp","href":"https:\/\/api.w.org\/{rel}","templated":true}]}}