{"id":1829,"date":"2021-11-18T23:26:31","date_gmt":"2021-11-18T22:26:31","guid":{"rendered":"https:\/\/lesvillasdugolfe.com\/portefeuille-confidentiel\/"},"modified":"2024-12-11T17:20:33","modified_gmt":"2024-12-11T16:20:33","slug":"confidential-properties","status":"publish","type":"page","link":"https:\/\/lesvillasdugolfe.com\/en\/confidential-properties\/","title":{"rendered":"Confidential properties"},"content":{"rendered":"<div id=\"cs-content\" class=\"cs-content\"><\/div>\n","protected":false},"excerpt":{"rendered":"<p>Confidential properties Entrust us with the search for your property.Some properties have been entrusted to us in all discretion&#8230; From a residence entirely built in local stone and enjoying a splendid view of the Sanguinaires Islands and the open sea, to a sumptuous villa in a highly prized private domain, not to mention a magnificently renovated mansion located in the &#8230;<\/p>\n","protected":false},"author":1,"featured_media":7800,"parent":0,"menu_order":0,"comment_status":"closed","ping_status":"closed","template":"template-blank-4.php","meta":{"_acf_changed":false,"inline_featured_image":false,"footnotes":""},"class_list":["post-1829","page","type-page","status-publish","has-post-thumbnail","hentry"],"acf":[],"yoast_head":"<!-- This site is optimized with the Yoast SEO Premium plugin v25.4 (Yoast SEO v25.4) - https:\/\/yoast.com\/wordpress\/plugins\/seo\/ -->\n<title>Confidential properties - Les villas du Golfe<\/title>\n<meta name=\"robots\" content=\"index, follow, max-snippet:-1, max-image-preview:large, max-video-preview:-1\" \/>\n<link rel=\"canonical\" href=\"https:\/\/lesvillasdugolfe.com\/en\/confidential-properties\/\" \/>\n<meta property=\"og:locale\" content=\"en_US\" \/>\n<meta property=\"og:type\" content=\"article\" \/>\n<meta property=\"og:title\" content=\"Confidential properties - Les villas du Golfe\" \/>\n<meta property=\"og:description\" content=\"Confidential properties Entrust us with the search for your property.Some properties have been entrusted to us in all discretion&#8230; From a residence entirely built in local stone and enjoying a splendid view of the Sanguinaires Islands and the open sea, to a sumptuous villa in a highly prized private domain, not to mention a magnificently renovated mansion located in the ...\" \/>\n<meta property=\"og:url\" content=\"https:\/\/lesvillasdugolfe.com\/en\/confidential-properties\/\" \/>\n<meta property=\"og:site_name\" content=\"Les villas du Golfe\" \/>\n<meta property=\"article:modified_time\" content=\"2024-12-11T16:20:33+00:00\" \/>\n<meta property=\"og:image\" content=\"https:\/\/lesvillasdugolfe.com\/wp-content\/uploads\/2024\/04\/piantarella_spe-p01-004-scaled.jpg\" \/>\n\t<meta property=\"og:image:width\" content=\"2560\" \/>\n\t<meta property=\"og:image:height\" content=\"1439\" \/>\n\t<meta property=\"og:image:type\" content=\"image\/jpeg\" \/>\n<meta name=\"twitter:card\" content=\"summary_large_image\" \/>\n<meta name=\"twitter:label1\" content=\"Est. reading time\" \/>\n\t<meta name=\"twitter:data1\" content=\"1 minute\" \/>\n<script type=\"application\/ld+json\" class=\"yoast-schema-graph\">{\"@context\":\"https:\/\/schema.org\",\"@graph\":[{\"@type\":\"WebPage\",\"@id\":\"https:\/\/lesvillasdugolfe.com\/en\/confidential-properties\/\",\"url\":\"https:\/\/lesvillasdugolfe.com\/en\/confidential-properties\/\",\"name\":\"Confidential properties - Les villas du Golfe\",\"isPartOf\":{\"@id\":\"https:\/\/lesvillasdugolfe.com\/en\/#website\"},\"primaryImageOfPage\":{\"@id\":\"https:\/\/lesvillasdugolfe.com\/en\/confidential-properties\/#primaryimage\"},\"image\":{\"@id\":\"https:\/\/lesvillasdugolfe.com\/en\/confidential-properties\/#primaryimage\"},\"thumbnailUrl\":\"https:\/\/lesvillasdugolfe.com\/wp-content\/uploads\/2024\/04\/piantarella_spe-p01-004-scaled.jpg\",\"datePublished\":\"2021-11-18T22:26:31+00:00\",\"dateModified\":\"2024-12-11T16:20:33+00:00\",\"inLanguage\":\"en-US\",\"potentialAction\":[{\"@type\":\"ReadAction\",\"target\":[\"https:\/\/lesvillasdugolfe.com\/en\/confidential-properties\/\"]}]},{\"@type\":\"ImageObject\",\"inLanguage\":\"en-US\",\"@id\":\"https:\/\/lesvillasdugolfe.com\/en\/confidential-properties\/#primaryimage\",\"url\":\"https:\/\/lesvillasdugolfe.com\/wp-content\/uploads\/2024\/04\/piantarella_spe-p01-004-scaled.jpg\",\"contentUrl\":\"https:\/\/lesvillasdugolfe.com\/wp-content\/uploads\/2024\/04\/piantarella_spe-p01-004-scaled.jpg\",\"width\":2560,\"height\":1439,\"caption\":\"Propri\u00e9t\u00e9s confidentielles \u00e0 louer en Corse Certaines propri\u00e9t\u00e9s nous ont \u00e9t\u00e9 confi\u00e9es en toute discr\u00e9tion...\"},{\"@type\":\"WebSite\",\"@id\":\"https:\/\/lesvillasdugolfe.com\/en\/#website\",\"url\":\"https:\/\/lesvillasdugolfe.com\/en\/\",\"name\":\"Les villas du Golfe\",\"description\":\"Location de villas de luxe en Corse\",\"publisher\":{\"@id\":\"https:\/\/lesvillasdugolfe.com\/en\/#organization\"},\"potentialAction\":[{\"@type\":\"SearchAction\",\"target\":{\"@type\":\"EntryPoint\",\"urlTemplate\":\"https:\/\/lesvillasdugolfe.com\/en\/?s={search_term_string}\"},\"query-input\":{\"@type\":\"PropertyValueSpecification\",\"valueRequired\":true,\"valueName\":\"search_term_string\"}}],\"inLanguage\":\"en-US\"},{\"@type\":\"Organization\",\"@id\":\"https:\/\/lesvillasdugolfe.com\/en\/#organization\",\"name\":\"Les villas du Golfe\",\"url\":\"https:\/\/lesvillasdugolfe.com\/en\/\",\"logo\":{\"@type\":\"ImageObject\",\"inLanguage\":\"en-US\",\"@id\":\"https:\/\/lesvillasdugolfe.com\/en\/#\/schema\/logo\/image\/\",\"url\":\"https:\/\/lesvillasdugolfe.com\/wp-content\/uploads\/2022\/03\/villasgolfe.svg\",\"contentUrl\":\"https:\/\/lesvillasdugolfe.com\/wp-content\/uploads\/2022\/03\/villasgolfe.svg\",\"width\":341,\"height\":161,\"caption\":\"Les villas du Golfe\"},\"image\":{\"@id\":\"https:\/\/lesvillasdugolfe.com\/en\/#\/schema\/logo\/image\/\"}}]}<\/script>\n<!-- \/ Yoast SEO Premium plugin. -->","yoast_head_json":{"title":"Confidential properties - Les villas du Golfe","robots":{"index":"index","follow":"follow","max-snippet":"max-snippet:-1","max-image-preview":"max-image-preview:large","max-video-preview":"max-video-preview:-1"},"canonical":"https:\/\/lesvillasdugolfe.com\/en\/confidential-properties\/","og_locale":"en_US","og_type":"article","og_title":"Confidential properties - Les villas du Golfe","og_description":"Confidential properties Entrust us with the search for your property.Some properties have been entrusted to us in all discretion&#8230; From a residence entirely built in local stone and enjoying a splendid view of the Sanguinaires Islands and the open sea, to a sumptuous villa in a highly prized private domain, not to mention a magnificently renovated mansion located in the ...","og_url":"https:\/\/lesvillasdugolfe.com\/en\/confidential-properties\/","og_site_name":"Les villas du Golfe","article_modified_time":"2024-12-11T16:20:33+00:00","og_image":[{"width":2560,"height":1439,"url":"https:\/\/lesvillasdugolfe.com\/wp-content\/uploads\/2024\/04\/piantarella_spe-p01-004-scaled.jpg","type":"image\/jpeg"}],"twitter_card":"summary_large_image","twitter_misc":{"Est. reading time":"1 minute"},"schema":{"@context":"https:\/\/schema.org","@graph":[{"@type":"WebPage","@id":"https:\/\/lesvillasdugolfe.com\/en\/confidential-properties\/","url":"https:\/\/lesvillasdugolfe.com\/en\/confidential-properties\/","name":"Confidential properties - Les villas du Golfe","isPartOf":{"@id":"https:\/\/lesvillasdugolfe.com\/en\/#website"},"primaryImageOfPage":{"@id":"https:\/\/lesvillasdugolfe.com\/en\/confidential-properties\/#primaryimage"},"image":{"@id":"https:\/\/lesvillasdugolfe.com\/en\/confidential-properties\/#primaryimage"},"thumbnailUrl":"https:\/\/lesvillasdugolfe.com\/wp-content\/uploads\/2024\/04\/piantarella_spe-p01-004-scaled.jpg","datePublished":"2021-11-18T22:26:31+00:00","dateModified":"2024-12-11T16:20:33+00:00","inLanguage":"en-US","potentialAction":[{"@type":"ReadAction","target":["https:\/\/lesvillasdugolfe.com\/en\/confidential-properties\/"]}]},{"@type":"ImageObject","inLanguage":"en-US","@id":"https:\/\/lesvillasdugolfe.com\/en\/confidential-properties\/#primaryimage","url":"https:\/\/lesvillasdugolfe.com\/wp-content\/uploads\/2024\/04\/piantarella_spe-p01-004-scaled.jpg","contentUrl":"https:\/\/lesvillasdugolfe.com\/wp-content\/uploads\/2024\/04\/piantarella_spe-p01-004-scaled.jpg","width":2560,"height":1439,"caption":"Propri\u00e9t\u00e9s confidentielles \u00e0 louer en Corse Certaines propri\u00e9t\u00e9s nous ont \u00e9t\u00e9 confi\u00e9es en toute discr\u00e9tion..."},{"@type":"WebSite","@id":"https:\/\/lesvillasdugolfe.com\/en\/#website","url":"https:\/\/lesvillasdugolfe.com\/en\/","name":"Les villas du Golfe","description":"Location de villas de luxe en Corse","publisher":{"@id":"https:\/\/lesvillasdugolfe.com\/en\/#organization"},"potentialAction":[{"@type":"SearchAction","target":{"@type":"EntryPoint","urlTemplate":"https:\/\/lesvillasdugolfe.com\/en\/?s={search_term_string}"},"query-input":{"@type":"PropertyValueSpecification","valueRequired":true,"valueName":"search_term_string"}}],"inLanguage":"en-US"},{"@type":"Organization","@id":"https:\/\/lesvillasdugolfe.com\/en\/#organization","name":"Les villas du Golfe","url":"https:\/\/lesvillasdugolfe.com\/en\/","logo":{"@type":"ImageObject","inLanguage":"en-US","@id":"https:\/\/lesvillasdugolfe.com\/en\/#\/schema\/logo\/image\/","url":"https:\/\/lesvillasdugolfe.com\/wp-content\/uploads\/2022\/03\/villasgolfe.svg","contentUrl":"https:\/\/lesvillasdugolfe.com\/wp-content\/uploads\/2022\/03\/villasgolfe.svg","width":341,"height":161,"caption":"Les villas du Golfe"},"image":{"@id":"https:\/\/lesvillasdugolfe.com\/en\/#\/schema\/logo\/image\/"}}]}},"_links":{"self":[{"href":"https:\/\/lesvillasdugolfe.com\/en\/wp-json\/wp\/v2\/pages\/1829","targetHints":{"allow":["GET"]}}],"collection":[{"href":"https:\/\/lesvillasdugolfe.com\/en\/wp-json\/wp\/v2\/pages"}],"about":[{"href":"https:\/\/lesvillasdugolfe.com\/en\/wp-json\/wp\/v2\/types\/page"}],"author":[{"embeddable":true,"href":"https:\/\/lesvillasdugolfe.com\/en\/wp-json\/wp\/v2\/users\/1"}],"replies":[{"embeddable":true,"href":"https:\/\/lesvillasdugolfe.com\/en\/wp-json\/wp\/v2\/comments?post=1829"}],"version-history":[{"count":2,"href":"https:\/\/lesvillasdugolfe.com\/en\/wp-json\/wp\/v2\/pages\/1829\/revisions"}],"predecessor-version":[{"id":8538,"href":"https:\/\/lesvillasdugolfe.com\/en\/wp-json\/wp\/v2\/pages\/1829\/revisions\/8538"}],"wp:featuredmedia":[{"embeddable":true,"href":"https:\/\/lesvillasdugolfe.com\/en\/wp-json\/wp\/v2\/media\/7800"}],"wp:attachment":[{"href":"https:\/\/lesvillasdugolfe.com\/en\/wp-json\/wp\/v2\/media?parent=1829"}],"curies":[{"name":"wp","href":"https:\/\/api.w.org\/{rel}","templated":true}]}}